{"id":33,"date":"2017-03-18T11:30:32","date_gmt":"2017-03-18T10:30:32","guid":{"rendered":"http:\/\/ztr.sk\/?page_id=33"},"modified":"2017-09-19T11:19:59","modified_gmt":"2017-09-19T09:19:59","slug":"o-nas-2","status":"publish","type":"page","link":"https:\/\/ztr.sk\/?page_id=33","title":{"rendered":"Kontakt"},"content":{"rendered":"<p><span style=\"color: blue; font-size: x-large;\"><b>ZTR s.r.o.<\/b><\/span><\/p>\n<p>I\u010cO: 464 303 26<\/p>\n<p>Kontaktujte n\u00e1s elektronicky: <a href=\"mailto:info@ztr.sk\">info@ztr.sk<\/a><\/p>\n","protected":false},"excerpt":{"rendered":"<p>ZTR s.r.o. I\u010cO: 464 303 26 Kontaktujte n\u00e1s elektronicky: info@ztr.sk<\/p>\n","protected":false},"author":1,"featured_media":0,"parent":0,"menu_order":0,"comment_status":"closed","ping_status":"closed","template":"","meta":{"_monsterinsights_skip_tracking":false,"_monsterinsights_sitenote_active":false,"_monsterinsights_sitenote_note":"","_monsterinsights_sitenote_category":0,"footnotes":""},"class_list":["post-33","page","type-page","status-publish","hentry"],"yoast_head":"<!-- This site is optimized with the Yoast SEO plugin v27.5 - https:\/\/yoast.com\/product\/yoast-seo-wordpress\/ -->\n<title>Kontakt - ZTR s.r.o.<\/title>\n<meta name=\"robots\" content=\"index, follow, max-snippet:-1, max-image-preview:large, max-video-preview:-1\" \/>\n<link rel=\"canonical\" href=\"https:\/\/ztr.sk\/?page_id=33\" \/>\n<meta property=\"og:locale\" content=\"sk_SK\" \/>\n<meta property=\"og:type\" content=\"article\" \/>\n<meta property=\"og:title\" content=\"Kontakt - ZTR s.r.o.\" \/>\n<meta property=\"og:description\" content=\"ZTR s.r.o. I\u010cO: 464 303 26 Kontaktujte n\u00e1s elektronicky: info@ztr.sk\" \/>\n<meta property=\"og:url\" content=\"https:\/\/ztr.sk\/?page_id=33\" \/>\n<meta property=\"og:site_name\" content=\"ZTR s.r.o.\" \/>\n<meta property=\"article:modified_time\" content=\"2017-09-19T09:19:59+00:00\" \/>\n<meta name=\"twitter:card\" content=\"summary_large_image\" \/>\n<script type=\"application\/ld+json\" class=\"yoast-schema-graph\">{\"@context\":\"https:\\\/\\\/schema.org\",\"@graph\":[{\"@type\":\"WebPage\",\"@id\":\"https:\\\/\\\/ztr.sk\\\/?page_id=33\",\"url\":\"https:\\\/\\\/ztr.sk\\\/?page_id=33\",\"name\":\"Kontakt - ZTR s.r.o.\",\"isPartOf\":{\"@id\":\"https:\\\/\\\/ztr.sk\\\/#website\"},\"datePublished\":\"2017-03-18T10:30:32+00:00\",\"dateModified\":\"2017-09-19T09:19:59+00:00\",\"breadcrumb\":{\"@id\":\"https:\\\/\\\/ztr.sk\\\/?page_id=33#breadcrumb\"},\"inLanguage\":\"sk-SK\",\"potentialAction\":[{\"@type\":\"ReadAction\",\"target\":[\"https:\\\/\\\/ztr.sk\\\/?page_id=33\"]}]},{\"@type\":\"BreadcrumbList\",\"@id\":\"https:\\\/\\\/ztr.sk\\\/?page_id=33#breadcrumb\",\"itemListElement\":[{\"@type\":\"ListItem\",\"position\":1,\"name\":\"Home\",\"item\":\"https:\\\/\\\/ztr.sk\\\/\"},{\"@type\":\"ListItem\",\"position\":2,\"name\":\"Kontakt\"}]},{\"@type\":\"WebSite\",\"@id\":\"https:\\\/\\\/ztr.sk\\\/#website\",\"url\":\"https:\\\/\\\/ztr.sk\\\/\",\"name\":\"ZTR s.r.o.\",\"description\":\"Konzult\u00e1cie pre lep\u0161ie vyu\u017eitie IT technol\u00f3gi\u00ed\",\"potentialAction\":[{\"@type\":\"SearchAction\",\"target\":{\"@type\":\"EntryPoint\",\"urlTemplate\":\"https:\\\/\\\/ztr.sk\\\/?s={search_term_string}\"},\"query-input\":{\"@type\":\"PropertyValueSpecification\",\"valueRequired\":true,\"valueName\":\"search_term_string\"}}],\"inLanguage\":\"sk-SK\"}]}<\/script>\n<!-- \/ Yoast SEO plugin. -->","yoast_head_json":{"title":"Kontakt - ZTR s.r.o.","robots":{"index":"index","follow":"follow","max-snippet":"max-snippet:-1","max-image-preview":"max-image-preview:large","max-video-preview":"max-video-preview:-1"},"canonical":"https:\/\/ztr.sk\/?page_id=33","og_locale":"sk_SK","og_type":"article","og_title":"Kontakt - ZTR s.r.o.","og_description":"ZTR s.r.o. I\u010cO: 464 303 26 Kontaktujte n\u00e1s elektronicky: info@ztr.sk","og_url":"https:\/\/ztr.sk\/?page_id=33","og_site_name":"ZTR s.r.o.","article_modified_time":"2017-09-19T09:19:59+00:00","twitter_card":"summary_large_image","schema":{"@context":"https:\/\/schema.org","@graph":[{"@type":"WebPage","@id":"https:\/\/ztr.sk\/?page_id=33","url":"https:\/\/ztr.sk\/?page_id=33","name":"Kontakt - ZTR s.r.o.","isPartOf":{"@id":"https:\/\/ztr.sk\/#website"},"datePublished":"2017-03-18T10:30:32+00:00","dateModified":"2017-09-19T09:19:59+00:00","breadcrumb":{"@id":"https:\/\/ztr.sk\/?page_id=33#breadcrumb"},"inLanguage":"sk-SK","potentialAction":[{"@type":"ReadAction","target":["https:\/\/ztr.sk\/?page_id=33"]}]},{"@type":"BreadcrumbList","@id":"https:\/\/ztr.sk\/?page_id=33#breadcrumb","itemListElement":[{"@type":"ListItem","position":1,"name":"Home","item":"https:\/\/ztr.sk\/"},{"@type":"ListItem","position":2,"name":"Kontakt"}]},{"@type":"WebSite","@id":"https:\/\/ztr.sk\/#website","url":"https:\/\/ztr.sk\/","name":"ZTR s.r.o.","description":"Konzult\u00e1cie pre lep\u0161ie vyu\u017eitie IT technol\u00f3gi\u00ed","potentialAction":[{"@type":"SearchAction","target":{"@type":"EntryPoint","urlTemplate":"https:\/\/ztr.sk\/?s={search_term_string}"},"query-input":{"@type":"PropertyValueSpecification","valueRequired":true,"valueName":"search_term_string"}}],"inLanguage":"sk-SK"}]}},"_links":{"self":[{"href":"https:\/\/ztr.sk\/index.php?rest_route=\/wp\/v2\/pages\/33","targetHints":{"allow":["GET"]}}],"collection":[{"href":"https:\/\/ztr.sk\/index.php?rest_route=\/wp\/v2\/pages"}],"about":[{"href":"https:\/\/ztr.sk\/index.php?rest_route=\/wp\/v2\/types\/page"}],"author":[{"embeddable":true,"href":"https:\/\/ztr.sk\/index.php?rest_route=\/wp\/v2\/users\/1"}],"replies":[{"embeddable":true,"href":"https:\/\/ztr.sk\/index.php?rest_route=%2Fwp%2Fv2%2Fcomments&post=33"}],"version-history":[{"count":6,"href":"https:\/\/ztr.sk\/index.php?rest_route=\/wp\/v2\/pages\/33\/revisions"}],"predecessor-version":[{"id":79,"href":"https:\/\/ztr.sk\/index.php?rest_route=\/wp\/v2\/pages\/33\/revisions\/79"}],"wp:attachment":[{"href":"https:\/\/ztr.sk\/index.php?rest_route=%2Fwp%2Fv2%2Fmedia&parent=33"}],"curies":[{"name":"wp","href":"https:\/\/api.w.org\/{rel}","templated":true}]}}