{"id":84,"date":"2020-12-23T08:54:15","date_gmt":"2020-12-23T07:54:15","guid":{"rendered":"http:\/\/ztr.sk\/?page_id=84"},"modified":"2020-12-23T08:58:27","modified_gmt":"2020-12-23T07:58:27","slug":"referencie","status":"publish","type":"page","link":"https:\/\/ztr.sk\/?page_id=84","title":{"rendered":"Referencie"},"content":{"rendered":"<p>Na\u0161a firma a na\u0161i konzultanti pom\u00e1hali aj nasleduj\u00facim organiz\u00e1ci\u00e1m:<\/p>\n<ul>\n<li style=\"padding-left: 30px;\">\u00darad vl\u00e1dy Slovenskej republiky<\/li>\n<li style=\"padding-left: 30px;\">\u00darad podpredsedu vl\u00e1dy pre invest\u00edcie a informatiz\u00e1ciu Slovenskej republiky (teraz MIRRI SR)<\/li>\n<li style=\"padding-left: 30px;\">Ministerstvo kult\u00fary Slovenskej republiky<\/li>\n<li style=\"padding-left: 30px;\">Slovensk\u00e1 in\u0161pekcia \u017eivotn\u00e9ho prostredia<\/li>\n<li style=\"padding-left: 30px;\">N\u00e1rodn\u00e1 agent\u00fara pre sie\u0165ov\u00e9 a elektronick\u00e9 slu\u017eby<\/li>\n<li style=\"padding-left: 30px;\">N\u00e1rodn\u00e9 centrum zdravotn\u00edckych inform\u00e1ci\u00ed<\/li>\n<li style=\"padding-left: 30px;\">N\u00e1rodn\u00e9 lesn\u00edcke centrum<\/li>\n<li style=\"padding-left: 30px;\">Ko\u0161ick\u00fd samospr\u00e1vny kraj<\/li>\n<li style=\"padding-left: 30px;\">Nitriansky samospr\u00e1vny kraj<\/li>\n<li style=\"padding-left: 30px;\">V\u0161eobecn\u00e1 zdravotn\u00e1 pois\u0165ov\u0148a<\/li>\n<li style=\"padding-left: 30px;\">Slovensk\u00e1 po\u0161ta<\/li>\n<\/ul>\n","protected":false},"excerpt":{"rendered":"<p>Na\u0161a firma a na\u0161i konzultanti pom\u00e1hali aj nasleduj\u00facim organiz\u00e1ci\u00e1m: \u00darad vl\u00e1dy Slovenskej republiky \u00darad podpredsedu vl\u00e1dy pre invest\u00edcie a informatiz\u00e1ciu Slovenskej republiky (teraz MIRRI SR) Ministerstvo kult\u00fary Slovenskej republiky Slovensk\u00e1 in\u0161pekcia \u017eivotn\u00e9ho prostredia N\u00e1rodn\u00e1 agent\u00fara pre sie\u0165ov\u00e9 a elektronick\u00e9 slu\u017eby N\u00e1rodn\u00e9 centrum zdravotn\u00edckych inform\u00e1ci\u00ed N\u00e1rodn\u00e9 lesn\u00edcke centrum Ko\u0161ick\u00fd samospr\u00e1vny kraj Nitriansky samospr\u00e1vny kraj V\u0161eobecn\u00e1 zdravotn\u00e1 &hellip; <a href=\"https:\/\/ztr.sk\/?page_id=84\" class=\"more-link\">Pokra\u010dova\u0165 v \u010d\u00edtan\u00ed<span class=\"screen-reader-text\"> &#8222;Referencie&#8220;<\/span><\/a><\/p>\n","protected":false},"author":1,"featured_media":0,"parent":0,"menu_order":0,"comment_status":"closed","ping_status":"closed","template":"","meta":{"_monsterinsights_skip_tracking":false,"_monsterinsights_sitenote_active":false,"_monsterinsights_sitenote_note":"","_monsterinsights_sitenote_category":0,"footnotes":""},"class_list":["post-84","page","type-page","status-publish","hentry"],"yoast_head":"<!-- This site is optimized with the Yoast SEO plugin v27.5 - https:\/\/yoast.com\/product\/yoast-seo-wordpress\/ -->\n<title>Referencie - ZTR s.r.o.<\/title>\n<meta name=\"robots\" content=\"index, follow, max-snippet:-1, max-image-preview:large, max-video-preview:-1\" \/>\n<link rel=\"canonical\" href=\"https:\/\/ztr.sk\/?page_id=84\" \/>\n<meta property=\"og:locale\" content=\"sk_SK\" \/>\n<meta property=\"og:type\" content=\"article\" \/>\n<meta property=\"og:title\" content=\"Referencie - ZTR s.r.o.\" \/>\n<meta property=\"og:description\" content=\"Na\u0161a firma a na\u0161i konzultanti pom\u00e1hali aj nasleduj\u00facim organiz\u00e1ci\u00e1m: \u00darad vl\u00e1dy Slovenskej republiky \u00darad podpredsedu vl\u00e1dy pre invest\u00edcie a informatiz\u00e1ciu Slovenskej republiky (teraz MIRRI SR) Ministerstvo kult\u00fary Slovenskej republiky Slovensk\u00e1 in\u0161pekcia \u017eivotn\u00e9ho prostredia N\u00e1rodn\u00e1 agent\u00fara pre sie\u0165ov\u00e9 a elektronick\u00e9 slu\u017eby N\u00e1rodn\u00e9 centrum zdravotn\u00edckych inform\u00e1ci\u00ed N\u00e1rodn\u00e9 lesn\u00edcke centrum Ko\u0161ick\u00fd samospr\u00e1vny kraj Nitriansky samospr\u00e1vny kraj V\u0161eobecn\u00e1 zdravotn\u00e1 &hellip; Pokra\u010dova\u0165 v \u010d\u00edtan\u00ed &quot;Referencie&quot;\" \/>\n<meta property=\"og:url\" content=\"https:\/\/ztr.sk\/?page_id=84\" \/>\n<meta property=\"og:site_name\" content=\"ZTR s.r.o.\" \/>\n<meta property=\"article:modified_time\" content=\"2020-12-23T07:58:27+00:00\" \/>\n<meta name=\"twitter:card\" content=\"summary_large_image\" \/>\n<script type=\"application\/ld+json\" class=\"yoast-schema-graph\">{\"@context\":\"https:\\\/\\\/schema.org\",\"@graph\":[{\"@type\":\"WebPage\",\"@id\":\"https:\\\/\\\/ztr.sk\\\/?page_id=84\",\"url\":\"https:\\\/\\\/ztr.sk\\\/?page_id=84\",\"name\":\"Referencie - ZTR s.r.o.\",\"isPartOf\":{\"@id\":\"https:\\\/\\\/ztr.sk\\\/#website\"},\"datePublished\":\"2020-12-23T07:54:15+00:00\",\"dateModified\":\"2020-12-23T07:58:27+00:00\",\"breadcrumb\":{\"@id\":\"https:\\\/\\\/ztr.sk\\\/?page_id=84#breadcrumb\"},\"inLanguage\":\"sk-SK\",\"potentialAction\":[{\"@type\":\"ReadAction\",\"target\":[\"https:\\\/\\\/ztr.sk\\\/?page_id=84\"]}]},{\"@type\":\"BreadcrumbList\",\"@id\":\"https:\\\/\\\/ztr.sk\\\/?page_id=84#breadcrumb\",\"itemListElement\":[{\"@type\":\"ListItem\",\"position\":1,\"name\":\"Home\",\"item\":\"https:\\\/\\\/ztr.sk\\\/\"},{\"@type\":\"ListItem\",\"position\":2,\"name\":\"Referencie\"}]},{\"@type\":\"WebSite\",\"@id\":\"https:\\\/\\\/ztr.sk\\\/#website\",\"url\":\"https:\\\/\\\/ztr.sk\\\/\",\"name\":\"ZTR s.r.o.\",\"description\":\"Konzult\u00e1cie pre lep\u0161ie vyu\u017eitie IT technol\u00f3gi\u00ed\",\"potentialAction\":[{\"@type\":\"SearchAction\",\"target\":{\"@type\":\"EntryPoint\",\"urlTemplate\":\"https:\\\/\\\/ztr.sk\\\/?s={search_term_string}\"},\"query-input\":{\"@type\":\"PropertyValueSpecification\",\"valueRequired\":true,\"valueName\":\"search_term_string\"}}],\"inLanguage\":\"sk-SK\"}]}<\/script>\n<!-- \/ Yoast SEO plugin. -->","yoast_head_json":{"title":"Referencie - ZTR s.r.o.","robots":{"index":"index","follow":"follow","max-snippet":"max-snippet:-1","max-image-preview":"max-image-preview:large","max-video-preview":"max-video-preview:-1"},"canonical":"https:\/\/ztr.sk\/?page_id=84","og_locale":"sk_SK","og_type":"article","og_title":"Referencie - ZTR s.r.o.","og_description":"Na\u0161a firma a na\u0161i konzultanti pom\u00e1hali aj nasleduj\u00facim organiz\u00e1ci\u00e1m: \u00darad vl\u00e1dy Slovenskej republiky \u00darad podpredsedu vl\u00e1dy pre invest\u00edcie a informatiz\u00e1ciu Slovenskej republiky (teraz MIRRI SR) Ministerstvo kult\u00fary Slovenskej republiky Slovensk\u00e1 in\u0161pekcia \u017eivotn\u00e9ho prostredia N\u00e1rodn\u00e1 agent\u00fara pre sie\u0165ov\u00e9 a elektronick\u00e9 slu\u017eby N\u00e1rodn\u00e9 centrum zdravotn\u00edckych inform\u00e1ci\u00ed N\u00e1rodn\u00e9 lesn\u00edcke centrum Ko\u0161ick\u00fd samospr\u00e1vny kraj Nitriansky samospr\u00e1vny kraj V\u0161eobecn\u00e1 zdravotn\u00e1 &hellip; Pokra\u010dova\u0165 v \u010d\u00edtan\u00ed \"Referencie\"","og_url":"https:\/\/ztr.sk\/?page_id=84","og_site_name":"ZTR s.r.o.","article_modified_time":"2020-12-23T07:58:27+00:00","twitter_card":"summary_large_image","schema":{"@context":"https:\/\/schema.org","@graph":[{"@type":"WebPage","@id":"https:\/\/ztr.sk\/?page_id=84","url":"https:\/\/ztr.sk\/?page_id=84","name":"Referencie - ZTR s.r.o.","isPartOf":{"@id":"https:\/\/ztr.sk\/#website"},"datePublished":"2020-12-23T07:54:15+00:00","dateModified":"2020-12-23T07:58:27+00:00","breadcrumb":{"@id":"https:\/\/ztr.sk\/?page_id=84#breadcrumb"},"inLanguage":"sk-SK","potentialAction":[{"@type":"ReadAction","target":["https:\/\/ztr.sk\/?page_id=84"]}]},{"@type":"BreadcrumbList","@id":"https:\/\/ztr.sk\/?page_id=84#breadcrumb","itemListElement":[{"@type":"ListItem","position":1,"name":"Home","item":"https:\/\/ztr.sk\/"},{"@type":"ListItem","position":2,"name":"Referencie"}]},{"@type":"WebSite","@id":"https:\/\/ztr.sk\/#website","url":"https:\/\/ztr.sk\/","name":"ZTR s.r.o.","description":"Konzult\u00e1cie pre lep\u0161ie vyu\u017eitie IT technol\u00f3gi\u00ed","potentialAction":[{"@type":"SearchAction","target":{"@type":"EntryPoint","urlTemplate":"https:\/\/ztr.sk\/?s={search_term_string}"},"query-input":{"@type":"PropertyValueSpecification","valueRequired":true,"valueName":"search_term_string"}}],"inLanguage":"sk-SK"}]}},"_links":{"self":[{"href":"https:\/\/ztr.sk\/index.php?rest_route=\/wp\/v2\/pages\/84","targetHints":{"allow":["GET"]}}],"collection":[{"href":"https:\/\/ztr.sk\/index.php?rest_route=\/wp\/v2\/pages"}],"about":[{"href":"https:\/\/ztr.sk\/index.php?rest_route=\/wp\/v2\/types\/page"}],"author":[{"embeddable":true,"href":"https:\/\/ztr.sk\/index.php?rest_route=\/wp\/v2\/users\/1"}],"replies":[{"embeddable":true,"href":"https:\/\/ztr.sk\/index.php?rest_route=%2Fwp%2Fv2%2Fcomments&post=84"}],"version-history":[{"count":4,"href":"https:\/\/ztr.sk\/index.php?rest_route=\/wp\/v2\/pages\/84\/revisions"}],"predecessor-version":[{"id":89,"href":"https:\/\/ztr.sk\/index.php?rest_route=\/wp\/v2\/pages\/84\/revisions\/89"}],"wp:attachment":[{"href":"https:\/\/ztr.sk\/index.php?rest_route=%2Fwp%2Fv2%2Fmedia&parent=84"}],"curies":[{"name":"wp","href":"https:\/\/api.w.org\/{rel}","templated":true}]}}