{"id":9,"date":"2017-03-16T19:00:13","date_gmt":"2017-03-16T18:00:13","guid":{"rendered":"http:\/\/ztr.sk\/?page_id=9"},"modified":"2025-10-20T13:39:20","modified_gmt":"2025-10-20T11:39:20","slug":"o-nas","status":"publish","type":"page","link":"https:\/\/ztr.sk\/","title":{"rendered":"Vitajte!"},"content":{"rendered":"<p style=\"text-align: left;\">Sme spolo\u010dnos\u0165, orientuj\u00faca sa najm\u00e4 na poradenstvo v oblasti informa\u010dn\u00fdch technol\u00f3gi\u00ed. Na Slovensku p\u00f4sob\u00edme od roku 2011.<\/p>\n<p style=\"text-align: left;\">Na\u0161ou dom\u00e9nou s\u00fa:<\/p>\n<p>&#8211; Strat\u00e9gie rozvoja IT<br \/>\n&#8211; \u0160t\u00fadie uskuto\u010dnite\u013enosti a projektov\u00e1 pr\u00edprava<br \/>\n&#8211; Business architekt\u00fara<br \/>\n&#8211; Architekt\u00fara IS<br \/>\n&#8211; Anal\u00fdzy a funk\u010dn\u00e9 \u0161pecifik\u00e1cie<br \/>\n&#8211; Testovacie scen\u00e1re a postupy<br \/>\n&#8211; Mana\u017ement kvality<br \/>\n&#8211; Konzult\u00e1cie v oblasti GDPR<\/p>\n<p style=\"text-align: left;\">Budeme radi, ke\u010f roz\u0161\u00edrite rady t\u00fdch, ktor\u00fdm svojimi konzult\u00e1ciami pom\u00e1hame.<\/p>\n<p style=\"text-align: left;\">Roland Tak\u00e1cs, konate\u013e<\/p>\n","protected":false},"excerpt":{"rendered":"<p>Sme spolo\u010dnos\u0165, orientuj\u00faca sa najm\u00e4 na poradenstvo v oblasti informa\u010dn\u00fdch technol\u00f3gi\u00ed. Na Slovensku p\u00f4sob\u00edme od roku 2011. Na\u0161ou dom\u00e9nou s\u00fa: &#8211; Strat\u00e9gie rozvoja IT &#8211; \u0160t\u00fadie uskuto\u010dnite\u013enosti a projektov\u00e1 pr\u00edprava &#8211; Business architekt\u00fara &#8211; Architekt\u00fara IS &#8211; Anal\u00fdzy a funk\u010dn\u00e9 \u0161pecifik\u00e1cie &#8211; Testovacie scen\u00e1re a postupy &#8211; Mana\u017ement kvality &#8211; Konzult\u00e1cie v oblasti GDPR Budeme &hellip; <a href=\"https:\/\/ztr.sk\/\" class=\"more-link\">Pokra\u010dova\u0165 v \u010d\u00edtan\u00ed<span class=\"screen-reader-text\"> &#8222;Vitajte!&#8220;<\/span><\/a><\/p>\n","protected":false},"author":1,"featured_media":0,"parent":0,"menu_order":0,"comment_status":"closed","ping_status":"closed","template":"","meta":{"_monsterinsights_skip_tracking":false,"_monsterinsights_sitenote_active":false,"_monsterinsights_sitenote_note":"","_monsterinsights_sitenote_category":0,"footnotes":""},"class_list":["post-9","page","type-page","status-publish","hentry"],"yoast_head":"<!-- This site is optimized with the Yoast SEO plugin v27.5 - https:\/\/yoast.com\/product\/yoast-seo-wordpress\/ -->\n<title>Vitajte! - ZTR s.r.o.<\/title>\n<meta name=\"robots\" content=\"index, follow, max-snippet:-1, max-image-preview:large, max-video-preview:-1\" \/>\n<link rel=\"canonical\" href=\"https:\/\/ztr.sk\/\" \/>\n<meta property=\"og:locale\" content=\"sk_SK\" \/>\n<meta property=\"og:type\" content=\"article\" \/>\n<meta property=\"og:title\" content=\"Vitajte! - ZTR s.r.o.\" \/>\n<meta property=\"og:description\" content=\"Sme spolo\u010dnos\u0165, orientuj\u00faca sa najm\u00e4 na poradenstvo v oblasti informa\u010dn\u00fdch technol\u00f3gi\u00ed. Na Slovensku p\u00f4sob\u00edme od roku 2011. Na\u0161ou dom\u00e9nou s\u00fa: &#8211; Strat\u00e9gie rozvoja IT &#8211; \u0160t\u00fadie uskuto\u010dnite\u013enosti a projektov\u00e1 pr\u00edprava &#8211; Business architekt\u00fara &#8211; Architekt\u00fara IS &#8211; Anal\u00fdzy a funk\u010dn\u00e9 \u0161pecifik\u00e1cie &#8211; Testovacie scen\u00e1re a postupy &#8211; Mana\u017ement kvality &#8211; Konzult\u00e1cie v oblasti GDPR Budeme &hellip; Pokra\u010dova\u0165 v \u010d\u00edtan\u00ed &quot;Vitajte!&quot;\" \/>\n<meta property=\"og:url\" content=\"https:\/\/ztr.sk\/\" \/>\n<meta property=\"og:site_name\" content=\"ZTR s.r.o.\" \/>\n<meta property=\"article:modified_time\" content=\"2025-10-20T11:39:20+00:00\" \/>\n<meta name=\"twitter:card\" content=\"summary_large_image\" \/>\n<meta name=\"twitter:label1\" content=\"Predpokladan\u00fd \u010das \u010d\u00edtania\" \/>\n\t<meta name=\"twitter:data1\" content=\"1 min\u00fata\" \/>\n<script type=\"application\/ld+json\" class=\"yoast-schema-graph\">{\"@context\":\"https:\\\/\\\/schema.org\",\"@graph\":[{\"@type\":\"WebPage\",\"@id\":\"https:\\\/\\\/ztr.sk\\\/\",\"url\":\"https:\\\/\\\/ztr.sk\\\/\",\"name\":\"Vitajte! - ZTR s.r.o.\",\"isPartOf\":{\"@id\":\"https:\\\/\\\/ztr.sk\\\/#website\"},\"datePublished\":\"2017-03-16T18:00:13+00:00\",\"dateModified\":\"2025-10-20T11:39:20+00:00\",\"breadcrumb\":{\"@id\":\"https:\\\/\\\/ztr.sk\\\/#breadcrumb\"},\"inLanguage\":\"sk-SK\",\"potentialAction\":[{\"@type\":\"ReadAction\",\"target\":[\"https:\\\/\\\/ztr.sk\\\/\"]}]},{\"@type\":\"BreadcrumbList\",\"@id\":\"https:\\\/\\\/ztr.sk\\\/#breadcrumb\",\"itemListElement\":[{\"@type\":\"ListItem\",\"position\":1,\"name\":\"Home\",\"item\":\"https:\\\/\\\/ztr.sk\\\/\"},{\"@type\":\"ListItem\",\"position\":2,\"name\":\"Vitajte!\"}]},{\"@type\":\"WebSite\",\"@id\":\"https:\\\/\\\/ztr.sk\\\/#website\",\"url\":\"https:\\\/\\\/ztr.sk\\\/\",\"name\":\"ZTR s.r.o.\",\"description\":\"Konzult\u00e1cie pre lep\u0161ie vyu\u017eitie IT technol\u00f3gi\u00ed\",\"potentialAction\":[{\"@type\":\"SearchAction\",\"target\":{\"@type\":\"EntryPoint\",\"urlTemplate\":\"https:\\\/\\\/ztr.sk\\\/?s={search_term_string}\"},\"query-input\":{\"@type\":\"PropertyValueSpecification\",\"valueRequired\":true,\"valueName\":\"search_term_string\"}}],\"inLanguage\":\"sk-SK\"}]}<\/script>\n<!-- \/ Yoast SEO plugin. -->","yoast_head_json":{"title":"Vitajte! - ZTR s.r.o.","robots":{"index":"index","follow":"follow","max-snippet":"max-snippet:-1","max-image-preview":"max-image-preview:large","max-video-preview":"max-video-preview:-1"},"canonical":"https:\/\/ztr.sk\/","og_locale":"sk_SK","og_type":"article","og_title":"Vitajte! - ZTR s.r.o.","og_description":"Sme spolo\u010dnos\u0165, orientuj\u00faca sa najm\u00e4 na poradenstvo v oblasti informa\u010dn\u00fdch technol\u00f3gi\u00ed. Na Slovensku p\u00f4sob\u00edme od roku 2011. Na\u0161ou dom\u00e9nou s\u00fa: &#8211; Strat\u00e9gie rozvoja IT &#8211; \u0160t\u00fadie uskuto\u010dnite\u013enosti a projektov\u00e1 pr\u00edprava &#8211; Business architekt\u00fara &#8211; Architekt\u00fara IS &#8211; Anal\u00fdzy a funk\u010dn\u00e9 \u0161pecifik\u00e1cie &#8211; Testovacie scen\u00e1re a postupy &#8211; Mana\u017ement kvality &#8211; Konzult\u00e1cie v oblasti GDPR Budeme &hellip; Pokra\u010dova\u0165 v \u010d\u00edtan\u00ed \"Vitajte!\"","og_url":"https:\/\/ztr.sk\/","og_site_name":"ZTR s.r.o.","article_modified_time":"2025-10-20T11:39:20+00:00","twitter_card":"summary_large_image","twitter_misc":{"Predpokladan\u00fd \u010das \u010d\u00edtania":"1 min\u00fata"},"schema":{"@context":"https:\/\/schema.org","@graph":[{"@type":"WebPage","@id":"https:\/\/ztr.sk\/","url":"https:\/\/ztr.sk\/","name":"Vitajte! - ZTR s.r.o.","isPartOf":{"@id":"https:\/\/ztr.sk\/#website"},"datePublished":"2017-03-16T18:00:13+00:00","dateModified":"2025-10-20T11:39:20+00:00","breadcrumb":{"@id":"https:\/\/ztr.sk\/#breadcrumb"},"inLanguage":"sk-SK","potentialAction":[{"@type":"ReadAction","target":["https:\/\/ztr.sk\/"]}]},{"@type":"BreadcrumbList","@id":"https:\/\/ztr.sk\/#breadcrumb","itemListElement":[{"@type":"ListItem","position":1,"name":"Home","item":"https:\/\/ztr.sk\/"},{"@type":"ListItem","position":2,"name":"Vitajte!"}]},{"@type":"WebSite","@id":"https:\/\/ztr.sk\/#website","url":"https:\/\/ztr.sk\/","name":"ZTR s.r.o.","description":"Konzult\u00e1cie pre lep\u0161ie vyu\u017eitie IT technol\u00f3gi\u00ed","potentialAction":[{"@type":"SearchAction","target":{"@type":"EntryPoint","urlTemplate":"https:\/\/ztr.sk\/?s={search_term_string}"},"query-input":{"@type":"PropertyValueSpecification","valueRequired":true,"valueName":"search_term_string"}}],"inLanguage":"sk-SK"}]}},"_links":{"self":[{"href":"https:\/\/ztr.sk\/index.php?rest_route=\/wp\/v2\/pages\/9","targetHints":{"allow":["GET"]}}],"collection":[{"href":"https:\/\/ztr.sk\/index.php?rest_route=\/wp\/v2\/pages"}],"about":[{"href":"https:\/\/ztr.sk\/index.php?rest_route=\/wp\/v2\/types\/page"}],"author":[{"embeddable":true,"href":"https:\/\/ztr.sk\/index.php?rest_route=\/wp\/v2\/users\/1"}],"replies":[{"embeddable":true,"href":"https:\/\/ztr.sk\/index.php?rest_route=%2Fwp%2Fv2%2Fcomments&post=9"}],"version-history":[{"count":6,"href":"https:\/\/ztr.sk\/index.php?rest_route=\/wp\/v2\/pages\/9\/revisions"}],"predecessor-version":[{"id":93,"href":"https:\/\/ztr.sk\/index.php?rest_route=\/wp\/v2\/pages\/9\/revisions\/93"}],"wp:attachment":[{"href":"https:\/\/ztr.sk\/index.php?rest_route=%2Fwp%2Fv2%2Fmedia&parent=9"}],"curies":[{"name":"wp","href":"https:\/\/api.w.org\/{rel}","templated":true}]}}